{"id":2,"date":"2024-09-17T03:04:11","date_gmt":"2024-09-17T00:04:11","guid":{"rendered":"https:\/\/mercadocleopatra.com\/?page_id=2"},"modified":"2024-09-17T03:04:11","modified_gmt":"2024-09-17T00:04:11","slug":"ornek-sayfa","status":"publish","type":"page","link":"https:\/\/mercadocleopatra.com\/ru\/ornek-sayfa\/","title":{"rendered":"\u041e\u0431\u0440\u0430\u0437\u0435\u0446 \u0441\u0442\u0440\u0430\u043d\u0438\u0446\u044b"},"content":{"rendered":"<p>\u042d\u0442\u043e \u043f\u0440\u0438\u043c\u0435\u0440 \u0441\u0442\u0440\u0430\u043d\u0438\u0446\u044b. \u041e\u043d \u043e\u0442\u043b\u0438\u0447\u0430\u0435\u0442\u0441\u044f \u043e\u0442 \u0437\u0430\u043f\u0438\u0441\u0438 \u0432 \u0431\u043b\u043e\u0433\u0435 \u0442\u0435\u043c, \u0447\u0442\u043e \u0444\u0438\u043a\u0441\u0438\u0440\u0443\u0435\u0442\u0441\u044f \u0432 \u043e\u043f\u0440\u0435\u0434\u0435\u043b\u0435\u043d\u043d\u043e\u043c \u043c\u0435\u0441\u0442\u0435 \u0438 \u043e\u0442\u043e\u0431\u0440\u0430\u0436\u0430\u0435\u0442\u0441\u044f \u0432 \u043d\u0430\u0432\u0438\u0433\u0430\u0446\u0438\u043e\u043d\u043d\u043e\u043c \u043c\u0435\u043d\u044e \u0432\u0430\u0448\u0435\u0439 \u0442\u0435\u043c\u044b (\u0431\u043e\u043b\u044c\u0448\u0438\u043d\u0441\u0442\u0432\u043e \u0442\u0435\u043c \u0435\u0433\u043e \u043f\u043e\u0434\u0434\u0435\u0440\u0436\u0438\u0432\u0430\u044e\u0442). \u041c\u043d\u043e\u0433\u0438\u0435 \u0438\u0441\u043f\u043e\u043b\u044c\u0437\u0443\u044e\u0442 \u0441\u0442\u0440\u0430\u043d\u0438\u0446\u0443 \u00ab\u041e \u043d\u0430\u0441\u00bb, \u0447\u0442\u043e\u0431\u044b \u043f\u043e\u043f\u0440\u0438\u0432\u0435\u0442\u0441\u0442\u0432\u043e\u0432\u0430\u0442\u044c \u043f\u043e\u0442\u0435\u043d\u0446\u0438\u0430\u043b\u044c\u043d\u044b\u0445 \u043f\u043e\u0441\u0435\u0442\u0438\u0442\u0435\u043b\u0435\u0439. \u042d\u0442\u043e \u043c\u043e\u0436\u0435\u0442 \u0432\u044b\u0433\u043b\u044f\u0434\u0435\u0442\u044c \u043f\u0440\u0438\u043c\u0435\u0440\u043d\u043e \u0442\u0430\u043a:<\/p><blockquote class=\"wp-block-quote is-layout-flow wp-block-quote-is-layout-flow\"><p>\u041f\u0440\u0438\u0432\u0435\u0442! \u0414\u043d\u0435\u043c \u044f \u0440\u0430\u0431\u043e\u0442\u0430\u044e \u043a\u0443\u0440\u044c\u0435\u0440\u043e\u043c \u043d\u0430 \u0432\u0435\u043b\u043e\u0441\u0438\u043f\u0435\u0434\u0435, \u0430 \u043d\u043e\u0447\u044c\u044e \u2014 \u043d\u0430\u0447\u0438\u043d\u0430\u044e\u0449\u0438\u043c \u0430\u043a\u0442\u0435\u0440\u043e\u043c, \u0438 \u044d\u0442\u043e \u043c\u043e\u0439 \u0441\u0430\u0439\u0442. \u042f \u0436\u0438\u0432\u0443 \u0432 \u0421\u0442\u0430\u043c\u0431\u0443\u043b\u0435, \u0443 \u043c\u0435\u043d\u044f \u0435\u0441\u0442\u044c \u0437\u0430\u043c\u0435\u0447\u0430\u0442\u0435\u043b\u044c\u043d\u0430\u044f \u0441\u043e\u0431\u0430\u043a\u0430 \u043f\u043e \u043a\u043b\u0438\u0447\u043a\u0435 \u0411\u044b\u0434\u044b\u043a, \u0438 \u044f \u043b\u044e\u0431\u043b\u044e \u043f\u0438\u0442\u044c \u043f\u0438\u043d\u0430\u043a\u043e\u043b\u0430\u0434\u0443. (\u0418 \u043f\u043e\u043f\u0430\u0434\u0430\u043d\u0438\u0435 \u043f\u043e\u0434 \u0434\u043e\u0436\u0434\u044c.)<\/p><\/blockquote><p>\u2026\u0438\u043b\u0438 \u0447\u0442\u043e-\u0442\u043e \u0432\u0440\u043e\u0434\u0435 \u044d\u0442\u043e\u0433\u043e:<\/p><blockquote class=\"wp-block-quote is-layout-flow wp-block-quote-is-layout-flow\"><p>\u041a\u043e\u043c\u043f\u0430\u043d\u0438\u044f XYZ \u0431\u044b\u043b\u0430 \u043e\u0441\u043d\u043e\u0432\u0430\u043d\u0430 \u0432 1971 \u0433\u043e\u0434\u0443 \u0438 \u0441 \u043c\u043e\u043c\u0435\u043d\u0442\u0430 \u0441\u0432\u043e\u0435\u0433\u043e \u043e\u0441\u043d\u043e\u0432\u0430\u043d\u0438\u044f \u0437\u0430\u043d\u0438\u043c\u0430\u0435\u0442\u0441\u044f \u043f\u0440\u043e\u0438\u0437\u0432\u043e\u0434\u0441\u0442\u0432\u043e\u043c \u043a\u0430\u0447\u0435\u0441\u0442\u0432\u0435\u043d\u043d\u044b\u0445 \u0432\u0435\u0449\u0435\u0439. \u0420\u0430\u0441\u043f\u043e\u043b\u043e\u0436\u0435\u043d\u043d\u0430\u044f \u0432 \u0413\u043e\u0442\u044d\u043c-\u0441\u0438\u0442\u0438 \u043a\u043e\u043c\u043f\u0430\u043d\u0438\u044f XYZ \u0441\u0442\u0430\u0440\u0430\u0435\u0442\u0441\u044f \u0441\u0434\u0435\u043b\u0430\u0442\u044c \u0432\u0441\u0435 \u0432\u043e\u0437\u043c\u043e\u0436\u043d\u043e\u0435 \u0434\u043b\u044f \u0413\u043e\u0442\u044d\u043c-\u0441\u0438\u0442\u0438, \u0438\u043c\u0435\u044f \u0432 \u0441\u0432\u043e\u0435\u043c \u0448\u0442\u0430\u0442\u0435 \u0431\u043e\u043b\u0435\u0435 2000 \u0441\u043e\u0442\u0440\u0443\u0434\u043d\u0438\u043a\u043e\u0432.<\/p><\/blockquote><p>\u041a\u0430\u043a \u043d\u043e\u0432\u044b\u0439 \u043f\u043e\u043b\u044c\u0437\u043e\u0432\u0430\u0442\u0435\u043b\u044c WordPress, \u043f\u0440\u0435\u0436\u0434\u0435 \u0432\u0441\u0435\u0433\u043e, <a href=\"https:\/\/mercadocleopatra.com\/wp-admin\/\">\u043d\u0430 \u0434\u043e\u043c\u0430\u0448\u043d\u044e\u044e \u0441\u0442\u0440\u0430\u043d\u0438\u0446\u0443<\/a> \u0412\u0430\u043c \u0441\u043b\u0435\u0434\u0443\u0435\u0442 \u0443\u0434\u0430\u043b\u0438\u0442\u044c \u044d\u0442\u0443 \u0441\u0442\u0440\u0430\u043d\u0438\u0446\u0443 \u0438 \u0441\u043e\u0437\u0434\u0430\u0442\u044c \u0441\u0432\u043e\u0438 \u0441\u043e\u0431\u0441\u0442\u0432\u0435\u043d\u043d\u044b\u0435 \u0441\u0442\u0440\u0430\u043d\u0438\u0446\u044b. \u041d\u0430\u0441\u043b\u0430\u0436\u0434\u0430\u0442\u044c\u0441\u044f!<\/p>","protected":false},"excerpt":{"rendered":"<p>Bu bir \u00f6rnek sayfad\u0131r. Bir blog yaz\u0131s\u0131ndan farkl\u0131d\u0131r \u00e7\u00fcnk\u00fc belirli bir yerde sabit olarak kal\u0131r ve teman\u0131z\u0131n gezinme men\u00fcs\u00fcnde g\u00f6r\u00fcnt\u00fclenir (\u00e7o\u011fu tema destekler). Bir \u00e7ok insan potansiyel ziyaret\u00e7ilerini kar\u015f\u0131lamak i\u00e7in bir Hakk\u0131nda sayfas\u0131 kullan\u0131r. \u015euna benzeyen bir \u015fey olabilir: Merhaba! G\u00fcnd\u00fczleri bisikletli kurye, geceleri ise hevesli bir akt\u00f6r\u00fcm, buras\u0131 da benim sitem. \u0130stanbul&#8217;da ya\u015f\u0131yorum, B\u0131d\u0131k isminde harika bir k\u00f6pe\u011fim var [&hellip;]<\/p>","protected":false},"author":1,"featured_media":0,"parent":0,"menu_order":0,"comment_status":"closed","ping_status":"open","template":"","meta":{"footnotes":""},"class_list":["post-2","page","type-page","status-publish","hentry"],"yoast_head":"<!-- This site is optimized with the Yoast SEO plugin v23.4 - https:\/\/yoast.com\/wordpress\/plugins\/seo\/ -->\n<title>\u00d6rnek sayfa - Mercado Cleopatra<\/title>\n<meta name=\"robots\" content=\"index, follow, max-snippet:-1, max-image-preview:large, max-video-preview:-1\" \/>\n<link rel=\"canonical\" href=\"https:\/\/mercadocleopatra.com\/ru\/ornek-sayfa\/\" \/>\n<meta property=\"og:locale\" content=\"ru_RU\" \/>\n<meta property=\"og:type\" content=\"article\" \/>\n<meta property=\"og:title\" content=\"\u00d6rnek sayfa - Mercado Cleopatra\" \/>\n<meta property=\"og:description\" content=\"Bu bir \u00f6rnek sayfad\u0131r. Bir blog yaz\u0131s\u0131ndan farkl\u0131d\u0131r \u00e7\u00fcnk\u00fc belirli bir yerde sabit olarak kal\u0131r ve teman\u0131z\u0131n gezinme men\u00fcs\u00fcnde g\u00f6r\u00fcnt\u00fclenir (\u00e7o\u011fu tema destekler). Bir \u00e7ok insan potansiyel ziyaret\u00e7ilerini kar\u015f\u0131lamak i\u00e7in bir Hakk\u0131nda sayfas\u0131 kullan\u0131r. \u015euna benzeyen bir \u015fey olabilir: Merhaba! G\u00fcnd\u00fczleri bisikletli kurye, geceleri ise hevesli bir akt\u00f6r\u00fcm, buras\u0131 da benim sitem. \u0130stanbul&#8217;da ya\u015f\u0131yorum, B\u0131d\u0131k isminde harika bir k\u00f6pe\u011fim var [&hellip;]\" \/>\n<meta property=\"og:url\" content=\"https:\/\/mercadocleopatra.com\/ru\/ornek-sayfa\/\" \/>\n<meta property=\"og:site_name\" content=\"Mercado Cleopatra\" \/>\n<meta name=\"twitter:card\" content=\"summary_large_image\" \/>\n<meta name=\"twitter:label1\" content=\"\u041f\u0440\u0438\u043c\u0435\u0440\u043d\u043e\u0435 \u0432\u0440\u0435\u043c\u044f \u0434\u043b\u044f \u0447\u0442\u0435\u043d\u0438\u044f\" \/>\n\t<meta name=\"twitter:data1\" content=\"1 \u043c\u0438\u043d\u0443\u0442\u0430\" \/>\n<script type=\"application\/ld+json\" class=\"yoast-schema-graph\">{\"@context\":\"https:\/\/schema.org\",\"@graph\":[{\"@type\":\"WebPage\",\"@id\":\"https:\/\/mercadocleopatra.com\/ornek-sayfa\/\",\"url\":\"https:\/\/mercadocleopatra.com\/ornek-sayfa\/\",\"name\":\"\u00d6rnek sayfa - Mercado Cleopatra\",\"isPartOf\":{\"@id\":\"https:\/\/mercadocleopatra.com\/#website\"},\"datePublished\":\"2024-09-17T00:04:11+00:00\",\"dateModified\":\"2024-09-17T00:04:11+00:00\",\"breadcrumb\":{\"@id\":\"https:\/\/mercadocleopatra.com\/ornek-sayfa\/#breadcrumb\"},\"inLanguage\":\"ru-RU\",\"potentialAction\":[{\"@type\":\"ReadAction\",\"target\":[\"https:\/\/mercadocleopatra.com\/ornek-sayfa\/\"]}]},{\"@type\":\"BreadcrumbList\",\"@id\":\"https:\/\/mercadocleopatra.com\/ornek-sayfa\/#breadcrumb\",\"itemListElement\":[{\"@type\":\"ListItem\",\"position\":1,\"name\":\"Anasayfa\",\"item\":\"https:\/\/mercadocleopatra.com\/\"},{\"@type\":\"ListItem\",\"position\":2,\"name\":\"\u00d6rnek sayfa\"}]},{\"@type\":\"WebSite\",\"@id\":\"https:\/\/mercadocleopatra.com\/#website\",\"url\":\"https:\/\/mercadocleopatra.com\/\",\"name\":\"Mercado Cleopatra\",\"description\":\"Mercado Cleopatra\",\"potentialAction\":[{\"@type\":\"SearchAction\",\"target\":{\"@type\":\"EntryPoint\",\"urlTemplate\":\"https:\/\/mercadocleopatra.com\/?s={search_term_string}\"},\"query-input\":{\"@type\":\"PropertyValueSpecification\",\"valueRequired\":true,\"valueName\":\"search_term_string\"}}],\"inLanguage\":\"ru-RU\"}]}<\/script>\n<!-- \/ Yoast SEO plugin. -->","yoast_head_json":{"title":"\u00d6rnek sayfa - Mercado Cleopatra","robots":{"index":"index","follow":"follow","max-snippet":"max-snippet:-1","max-image-preview":"max-image-preview:large","max-video-preview":"max-video-preview:-1"},"canonical":"https:\/\/mercadocleopatra.com\/ru\/ornek-sayfa\/","og_locale":"ru_RU","og_type":"article","og_title":"\u00d6rnek sayfa - Mercado Cleopatra","og_description":"Bu bir \u00f6rnek sayfad\u0131r. Bir blog yaz\u0131s\u0131ndan farkl\u0131d\u0131r \u00e7\u00fcnk\u00fc belirli bir yerde sabit olarak kal\u0131r ve teman\u0131z\u0131n gezinme men\u00fcs\u00fcnde g\u00f6r\u00fcnt\u00fclenir (\u00e7o\u011fu tema destekler). Bir \u00e7ok insan potansiyel ziyaret\u00e7ilerini kar\u015f\u0131lamak i\u00e7in bir Hakk\u0131nda sayfas\u0131 kullan\u0131r. \u015euna benzeyen bir \u015fey olabilir: Merhaba! G\u00fcnd\u00fczleri bisikletli kurye, geceleri ise hevesli bir akt\u00f6r\u00fcm, buras\u0131 da benim sitem. \u0130stanbul&#8217;da ya\u015f\u0131yorum, B\u0131d\u0131k isminde harika bir k\u00f6pe\u011fim var [&hellip;]","og_url":"https:\/\/mercadocleopatra.com\/ru\/ornek-sayfa\/","og_site_name":"Mercado Cleopatra","twitter_card":"summary_large_image","twitter_misc":{"\u041f\u0440\u0438\u043c\u0435\u0440\u043d\u043e\u0435 \u0432\u0440\u0435\u043c\u044f \u0434\u043b\u044f \u0447\u0442\u0435\u043d\u0438\u044f":"1 \u043c\u0438\u043d\u0443\u0442\u0430"},"schema":{"@context":"https:\/\/schema.org","@graph":[{"@type":"WebPage","@id":"https:\/\/mercadocleopatra.com\/ornek-sayfa\/","url":"https:\/\/mercadocleopatra.com\/ornek-sayfa\/","name":"\u00d6rnek sayfa - Mercado Cleopatra","isPartOf":{"@id":"https:\/\/mercadocleopatra.com\/#website"},"datePublished":"2024-09-17T00:04:11+00:00","dateModified":"2024-09-17T00:04:11+00:00","breadcrumb":{"@id":"https:\/\/mercadocleopatra.com\/ornek-sayfa\/#breadcrumb"},"inLanguage":"ru-RU","potentialAction":[{"@type":"ReadAction","target":["https:\/\/mercadocleopatra.com\/ornek-sayfa\/"]}]},{"@type":"BreadcrumbList","@id":"https:\/\/mercadocleopatra.com\/ornek-sayfa\/#breadcrumb","itemListElement":[{"@type":"ListItem","position":1,"name":"Anasayfa","item":"https:\/\/mercadocleopatra.com\/"},{"@type":"ListItem","position":2,"name":"\u00d6rnek sayfa"}]},{"@type":"WebSite","@id":"https:\/\/mercadocleopatra.com\/#website","url":"https:\/\/mercadocleopatra.com\/","name":"Mercado Cleopatra","description":"Mercado Cleopatra","potentialAction":[{"@type":"SearchAction","target":{"@type":"EntryPoint","urlTemplate":"https:\/\/mercadocleopatra.com\/?s={search_term_string}"},"query-input":{"@type":"PropertyValueSpecification","valueRequired":true,"valueName":"search_term_string"}}],"inLanguage":"ru-RU"}]}},"_links":{"self":[{"href":"https:\/\/mercadocleopatra.com\/ru\/wp-json\/wp\/v2\/pages\/2","targetHints":{"allow":["GET"]}}],"collection":[{"href":"https:\/\/mercadocleopatra.com\/ru\/wp-json\/wp\/v2\/pages"}],"about":[{"href":"https:\/\/mercadocleopatra.com\/ru\/wp-json\/wp\/v2\/types\/page"}],"author":[{"embeddable":true,"href":"https:\/\/mercadocleopatra.com\/ru\/wp-json\/wp\/v2\/users\/1"}],"replies":[{"embeddable":true,"href":"https:\/\/mercadocleopatra.com\/ru\/wp-json\/wp\/v2\/comments?post=2"}],"version-history":[{"count":0,"href":"https:\/\/mercadocleopatra.com\/ru\/wp-json\/wp\/v2\/pages\/2\/revisions"}],"wp:attachment":[{"href":"https:\/\/mercadocleopatra.com\/ru\/wp-json\/wp\/v2\/media?parent=2"}],"curies":[{"name":"wp","href":"https:\/\/api.w.org\/{rel}","templated":true}]}}