{"id":2,"date":"2024-09-17T03:04:11","date_gmt":"2024-09-17T00:04:11","guid":{"rendered":"https:\/\/mercadocleopatra.com\/?page_id=2"},"modified":"2024-09-17T03:04:11","modified_gmt":"2024-09-17T00:04:11","slug":"ornek-sayfa","status":"publish","type":"page","link":"https:\/\/mercadocleopatra.com\/en\/ornek-sayfa\/","title":{"rendered":"Sample page"},"content":{"rendered":"<p>This is an example page. It\u2019s different from a blog post because it stays in one place and appears in your theme\u2019s navigation menu (most themes support it). Many people use an About page to greet potential visitors. It might look something like this:<\/p><blockquote class=\"wp-block-quote is-layout-flow wp-block-quote-is-layout-flow\"><p>Hello! I&#039;m a bike messenger by day and an aspiring actor by night, and this is my site. I live in Istanbul, have a wonderful dog named B\u0131d\u0131k, and I love drinking pi\u00f1a coladas. (And getting caught in the rain.)<\/p><\/blockquote><p>\u2026or something like this:<\/p><blockquote class=\"wp-block-quote is-layout-flow wp-block-quote-is-layout-flow\"><p>XYZ company was founded in 1971 and has been producing quality things since its establishment. Located in Gotham City, XYZ company tries to do the best of everything for Gotham City with over 2,000 employees.<\/p><\/blockquote><p>As a new WordPress user, first of all, <a href=\"https:\/\/mercadocleopatra.com\/wp-admin\/\">to the home page<\/a> You should delete this page and create your own pages by going to . Have fun!<\/p>","protected":false},"excerpt":{"rendered":"<p>Bu bir \u00f6rnek sayfad\u0131r. Bir blog yaz\u0131s\u0131ndan farkl\u0131d\u0131r \u00e7\u00fcnk\u00fc belirli bir yerde sabit olarak kal\u0131r ve teman\u0131z\u0131n gezinme men\u00fcs\u00fcnde g\u00f6r\u00fcnt\u00fclenir (\u00e7o\u011fu tema destekler). Bir \u00e7ok insan potansiyel ziyaret\u00e7ilerini kar\u015f\u0131lamak i\u00e7in bir Hakk\u0131nda sayfas\u0131 kullan\u0131r. \u015euna benzeyen bir \u015fey olabilir: Merhaba! G\u00fcnd\u00fczleri bisikletli kurye, geceleri ise hevesli bir akt\u00f6r\u00fcm, buras\u0131 da benim sitem. \u0130stanbul&#8217;da ya\u015f\u0131yorum, B\u0131d\u0131k isminde harika bir k\u00f6pe\u011fim var [&hellip;]<\/p>","protected":false},"author":1,"featured_media":0,"parent":0,"menu_order":0,"comment_status":"closed","ping_status":"open","template":"","meta":{"footnotes":""},"class_list":["post-2","page","type-page","status-publish","hentry"],"yoast_head":"<!-- This site is optimized with the Yoast SEO plugin v23.4 - https:\/\/yoast.com\/wordpress\/plugins\/seo\/ -->\n<title>\u00d6rnek sayfa - Mercado Cleopatra<\/title>\n<meta name=\"robots\" content=\"index, follow, max-snippet:-1, max-image-preview:large, max-video-preview:-1\" \/>\n<link rel=\"canonical\" href=\"https:\/\/mercadocleopatra.com\/en\/ornek-sayfa\/\" \/>\n<meta property=\"og:locale\" content=\"en_US\" \/>\n<meta property=\"og:type\" content=\"article\" \/>\n<meta property=\"og:title\" content=\"\u00d6rnek sayfa - Mercado Cleopatra\" \/>\n<meta property=\"og:description\" content=\"Bu bir \u00f6rnek sayfad\u0131r. Bir blog yaz\u0131s\u0131ndan farkl\u0131d\u0131r \u00e7\u00fcnk\u00fc belirli bir yerde sabit olarak kal\u0131r ve teman\u0131z\u0131n gezinme men\u00fcs\u00fcnde g\u00f6r\u00fcnt\u00fclenir (\u00e7o\u011fu tema destekler). Bir \u00e7ok insan potansiyel ziyaret\u00e7ilerini kar\u015f\u0131lamak i\u00e7in bir Hakk\u0131nda sayfas\u0131 kullan\u0131r. \u015euna benzeyen bir \u015fey olabilir: Merhaba! G\u00fcnd\u00fczleri bisikletli kurye, geceleri ise hevesli bir akt\u00f6r\u00fcm, buras\u0131 da benim sitem. \u0130stanbul&#8217;da ya\u015f\u0131yorum, B\u0131d\u0131k isminde harika bir k\u00f6pe\u011fim var [&hellip;]\" \/>\n<meta property=\"og:url\" content=\"https:\/\/mercadocleopatra.com\/en\/ornek-sayfa\/\" \/>\n<meta property=\"og:site_name\" content=\"Mercado Cleopatra\" \/>\n<meta name=\"twitter:card\" content=\"summary_large_image\" \/>\n<meta name=\"twitter:label1\" content=\"Est. reading time\" \/>\n\t<meta name=\"twitter:data1\" content=\"1 minute\" \/>\n<script type=\"application\/ld+json\" class=\"yoast-schema-graph\">{\"@context\":\"https:\/\/schema.org\",\"@graph\":[{\"@type\":\"WebPage\",\"@id\":\"https:\/\/mercadocleopatra.com\/ornek-sayfa\/\",\"url\":\"https:\/\/mercadocleopatra.com\/ornek-sayfa\/\",\"name\":\"\u00d6rnek sayfa - Mercado Cleopatra\",\"isPartOf\":{\"@id\":\"https:\/\/mercadocleopatra.com\/#website\"},\"datePublished\":\"2024-09-17T00:04:11+00:00\",\"dateModified\":\"2024-09-17T00:04:11+00:00\",\"breadcrumb\":{\"@id\":\"https:\/\/mercadocleopatra.com\/ornek-sayfa\/#breadcrumb\"},\"inLanguage\":\"en-US\",\"potentialAction\":[{\"@type\":\"ReadAction\",\"target\":[\"https:\/\/mercadocleopatra.com\/ornek-sayfa\/\"]}]},{\"@type\":\"BreadcrumbList\",\"@id\":\"https:\/\/mercadocleopatra.com\/ornek-sayfa\/#breadcrumb\",\"itemListElement\":[{\"@type\":\"ListItem\",\"position\":1,\"name\":\"Anasayfa\",\"item\":\"https:\/\/mercadocleopatra.com\/\"},{\"@type\":\"ListItem\",\"position\":2,\"name\":\"\u00d6rnek sayfa\"}]},{\"@type\":\"WebSite\",\"@id\":\"https:\/\/mercadocleopatra.com\/#website\",\"url\":\"https:\/\/mercadocleopatra.com\/\",\"name\":\"Mercado Cleopatra\",\"description\":\"Mercado Cleopatra\",\"potentialAction\":[{\"@type\":\"SearchAction\",\"target\":{\"@type\":\"EntryPoint\",\"urlTemplate\":\"https:\/\/mercadocleopatra.com\/?s={search_term_string}\"},\"query-input\":{\"@type\":\"PropertyValueSpecification\",\"valueRequired\":true,\"valueName\":\"search_term_string\"}}],\"inLanguage\":\"en-US\"}]}<\/script>\n<!-- \/ Yoast SEO plugin. -->","yoast_head_json":{"title":"\u00d6rnek sayfa - Mercado Cleopatra","robots":{"index":"index","follow":"follow","max-snippet":"max-snippet:-1","max-image-preview":"max-image-preview:large","max-video-preview":"max-video-preview:-1"},"canonical":"https:\/\/mercadocleopatra.com\/en\/ornek-sayfa\/","og_locale":"en_US","og_type":"article","og_title":"\u00d6rnek sayfa - Mercado Cleopatra","og_description":"Bu bir \u00f6rnek sayfad\u0131r. Bir blog yaz\u0131s\u0131ndan farkl\u0131d\u0131r \u00e7\u00fcnk\u00fc belirli bir yerde sabit olarak kal\u0131r ve teman\u0131z\u0131n gezinme men\u00fcs\u00fcnde g\u00f6r\u00fcnt\u00fclenir (\u00e7o\u011fu tema destekler). Bir \u00e7ok insan potansiyel ziyaret\u00e7ilerini kar\u015f\u0131lamak i\u00e7in bir Hakk\u0131nda sayfas\u0131 kullan\u0131r. \u015euna benzeyen bir \u015fey olabilir: Merhaba! G\u00fcnd\u00fczleri bisikletli kurye, geceleri ise hevesli bir akt\u00f6r\u00fcm, buras\u0131 da benim sitem. \u0130stanbul&#8217;da ya\u015f\u0131yorum, B\u0131d\u0131k isminde harika bir k\u00f6pe\u011fim var [&hellip;]","og_url":"https:\/\/mercadocleopatra.com\/en\/ornek-sayfa\/","og_site_name":"Mercado Cleopatra","twitter_card":"summary_large_image","twitter_misc":{"Est. reading time":"1 minute"},"schema":{"@context":"https:\/\/schema.org","@graph":[{"@type":"WebPage","@id":"https:\/\/mercadocleopatra.com\/ornek-sayfa\/","url":"https:\/\/mercadocleopatra.com\/ornek-sayfa\/","name":"\u00d6rnek sayfa - Mercado Cleopatra","isPartOf":{"@id":"https:\/\/mercadocleopatra.com\/#website"},"datePublished":"2024-09-17T00:04:11+00:00","dateModified":"2024-09-17T00:04:11+00:00","breadcrumb":{"@id":"https:\/\/mercadocleopatra.com\/ornek-sayfa\/#breadcrumb"},"inLanguage":"en-US","potentialAction":[{"@type":"ReadAction","target":["https:\/\/mercadocleopatra.com\/ornek-sayfa\/"]}]},{"@type":"BreadcrumbList","@id":"https:\/\/mercadocleopatra.com\/ornek-sayfa\/#breadcrumb","itemListElement":[{"@type":"ListItem","position":1,"name":"Anasayfa","item":"https:\/\/mercadocleopatra.com\/"},{"@type":"ListItem","position":2,"name":"\u00d6rnek sayfa"}]},{"@type":"WebSite","@id":"https:\/\/mercadocleopatra.com\/#website","url":"https:\/\/mercadocleopatra.com\/","name":"Mercado Cleopatra","description":"Mercado Cleopatra","potentialAction":[{"@type":"SearchAction","target":{"@type":"EntryPoint","urlTemplate":"https:\/\/mercadocleopatra.com\/?s={search_term_string}"},"query-input":{"@type":"PropertyValueSpecification","valueRequired":true,"valueName":"search_term_string"}}],"inLanguage":"en-US"}]}},"_links":{"self":[{"href":"https:\/\/mercadocleopatra.com\/en\/wp-json\/wp\/v2\/pages\/2","targetHints":{"allow":["GET"]}}],"collection":[{"href":"https:\/\/mercadocleopatra.com\/en\/wp-json\/wp\/v2\/pages"}],"about":[{"href":"https:\/\/mercadocleopatra.com\/en\/wp-json\/wp\/v2\/types\/page"}],"author":[{"embeddable":true,"href":"https:\/\/mercadocleopatra.com\/en\/wp-json\/wp\/v2\/users\/1"}],"replies":[{"embeddable":true,"href":"https:\/\/mercadocleopatra.com\/en\/wp-json\/wp\/v2\/comments?post=2"}],"version-history":[{"count":0,"href":"https:\/\/mercadocleopatra.com\/en\/wp-json\/wp\/v2\/pages\/2\/revisions"}],"wp:attachment":[{"href":"https:\/\/mercadocleopatra.com\/en\/wp-json\/wp\/v2\/media?parent=2"}],"curies":[{"name":"wp","href":"https:\/\/api.w.org\/{rel}","templated":true}]}}