{"id":3592,"date":"2020-04-28T13:28:26","date_gmt":"2020-04-28T13:28:26","guid":{"rendered":"https:\/\/laurent.qodeinteractive.com\/elementor\/?page_id=3592"},"modified":"2024-10-20T15:04:59","modified_gmt":"2024-10-20T12:04:59","slug":"contact-us","status":"publish","type":"page","link":"https:\/\/mercadocleopatra.com\/de\/contact-us\/","title":{"rendered":"Kontaktieren Sie uns"},"content":{"rendered":"<div data-elementor-type=\"wp-page\" data-elementor-id=\"3592\" class=\"elementor elementor-3592\">\n\t\t\t\t\t\t<section class=\"elementor-section elementor-top-section elementor-element elementor-element-0b429e7 eltdf-elementor-row-grid-section elementor-section-boxed elementor-section-height-default elementor-section-height-default eltdf-parallax-row-no eltdf-content-aligment-left eltdf-disabled-bg-image-bellow-no\" data-id=\"0b429e7\" data-element_type=\"section\">\n\t\t\t\t\t\t<div class=\"elementor-container elementor-column-gap-default\">\n\t\t\t\t\t<div class=\"elementor-column elementor-col-50 elementor-top-column elementor-element elementor-element-1ffe060\" data-id=\"1ffe060\" data-element_type=\"column\">\n\t\t\t<div class=\"elementor-widget-wrap elementor-element-populated\">\n\t\t\t\t\t\t<div class=\"elementor-element elementor-element-1848963 elementor-widget elementor-widget-html\" data-id=\"1848963\" data-element_type=\"widget\" data-widget_type=\"html.default\">\n\t\t\t\t<div class=\"elementor-widget-container\">\n\t\t\t<iframe src=\"https:\/\/www.google.com\/maps\/embed?pb=!1m18!1m12!1m3!1d3205.1851144375687!2d31.977991076281064!3d36.549649281782465!2m3!1f0!2f0!3f0!3m2!1i1024!2i768!4f13.1!3m3!1m2!1s0x14dca3e11ca89099%3A0x2bc374786b36ba46!2sMercado%20Cleopatra!5e0!3m2!1str!2str!4v1727010129285!5m2!1str!2str\" width=\"600\" height=\"450\" style=\"border:0;\" allowfullscreen=\"\" loading=\"lazy\" referrerpolicy=\"no-referrer-when-downgrade\"><\/iframe>\t\t<\/div>\n\t\t\t\t<\/div>\n\t\t\t\t\t<\/div>\n\t\t<\/div>\n\t\t\t\t<div class=\"elementor-column elementor-col-50 elementor-top-column elementor-element elementor-element-dbabcd5\" data-id=\"dbabcd5\" data-element_type=\"column\">\n\t\t\t<div class=\"elementor-widget-wrap elementor-element-populated\">\n\t\t\t\t\t\t<div class=\"elementor-element elementor-element-02e7848 elementor-widget elementor-widget-image\" data-id=\"02e7848\" data-element_type=\"widget\" data-widget_type=\"image.default\">\n\t\t\t\t<div class=\"elementor-widget-container\">\n\t\t\t\t\t\t\t\t\t\t\t\t\t<img fetchpriority=\"high\" decoding=\"async\" width=\"1024\" height=\"1024\" src=\"https:\/\/mercadocleopatra.com\/wp-content\/uploads\/2024\/09\/BDM06584.png\" class=\"attachment-large size-large wp-image-4649\" alt=\"\" srcset=\"https:\/\/mercadocleopatra.com\/wp-content\/uploads\/2024\/09\/BDM06584.png 1024w, https:\/\/mercadocleopatra.com\/wp-content\/uploads\/2024\/09\/BDM06584-300x300.png 300w, https:\/\/mercadocleopatra.com\/wp-content\/uploads\/2024\/09\/BDM06584-150x150.png 150w, https:\/\/mercadocleopatra.com\/wp-content\/uploads\/2024\/09\/BDM06584-768x768.png 768w, https:\/\/mercadocleopatra.com\/wp-content\/uploads\/2024\/09\/BDM06584-12x12.png 12w, https:\/\/mercadocleopatra.com\/wp-content\/uploads\/2024\/09\/BDM06584-650x650.png 650w, https:\/\/mercadocleopatra.com\/wp-content\/uploads\/2024\/09\/BDM06584-600x600.png 600w, https:\/\/mercadocleopatra.com\/wp-content\/uploads\/2024\/09\/BDM06584-100x100.png 100w\" sizes=\"(max-width: 1024px) 100vw, 1024px\" \/>\t\t\t\t\t\t\t\t\t\t\t\t\t<\/div>\n\t\t\t\t<\/div>\n\t\t\t\t\t<\/div>\n\t\t<\/div>\n\t\t\t\t\t<\/div>\n\t\t<\/section>\n\t\t\t\t<section class=\"elementor-section elementor-top-section elementor-element elementor-element-548a6cf eltdf-elementor-row-grid-section eltdf-content-aligment-center elementor-section-boxed elementor-section-height-default elementor-section-height-default eltdf-parallax-row-no eltdf-disabled-bg-image-bellow-no\" data-id=\"548a6cf\" data-element_type=\"section\">\n\t\t\t\t\t\t<div class=\"elementor-container elementor-column-gap-default\">\n\t\t\t\t\t<div class=\"elementor-column elementor-col-50 elementor-top-column elementor-element elementor-element-454c0c7\" data-id=\"454c0c7\" data-element_type=\"column\">\n\t\t\t<div class=\"elementor-widget-wrap elementor-element-populated\">\n\t\t\t\t\t\t<div class=\"elementor-element elementor-element-5718ecd elementor-widget elementor-widget-eltdf_section_title\" data-id=\"5718ecd\" data-element_type=\"widget\" data-widget_type=\"eltdf_section_title.default\">\n\t\t\t\t<div class=\"elementor-widget-container\">\n\t\t\t<div class=\"eltdf-section-title-holder\" style=\"text-align: center\">\n\t<div class=\"eltdf-st-inner\">\n                    <span class=\"eltdf-st-tagline\">\n                Schreiben Sie uns            <\/span>\n        \t\t            <div class=\"eltdf-st-title-holder\">\n                                    <div class=\"decor\"><svg xmlns=\"http:\/\/www.w3.org\/2000\/svg\" width=\"41.125\" height=\"9.146\">\n                            <path fill=\"none\" stroke=\"#9C7C57\" stroke-miterlimit=\"10\" d=\"M40.881 8.576L20.562.591.244 8.576\"\/>\n                            <path fill=\"none\" stroke=\"#9C7C57\" stroke-miterlimit=\"10\" d=\"M40.881.591L20.562 8.576.243.591\"\/>\n                        <\/svg><\/div>\n                                <h2 class=\"eltdf-st-title\" >\n                    Kommunikation                <\/h2>\n                                    <div class=\"decor\"><svg xmlns=\"http:\/\/www.w3.org\/2000\/svg\" width=\"41.125\" height=\"9.146\">\n                            <path fill=\"none\" stroke=\"#9C7C57\" stroke-miterlimit=\"10\" d=\"M40.881 8.576L20.562.591.244 8.576\"\/>\n                            <path fill=\"none\" stroke=\"#9C7C57\" stroke-miterlimit=\"10\" d=\"M40.881.591L20.562 8.576.243.591\"\/>\n                        <\/svg><\/div>\n                            <\/div>\n\t\t\t\t\t\t\t<\/div>\n<\/div>\t\t<\/div>\n\t\t\t\t<\/div>\n\t\t\t\t<div class=\"elementor-element elementor-element-0023919 elementor-widget elementor-widget-eltdf_cf7\" data-id=\"0023919\" data-element_type=\"widget\" data-widget_type=\"eltdf_cf7.default\">\n\t\t\t\t<div class=\"elementor-widget-container\">\n\t\t\t    \n<div class=\"wpcf7 no-js\" id=\"wpcf7-f812-o1\" lang=\"en-US\" dir=\"ltr\">\n<div class=\"screen-reader-response\"><p role=\"status\" aria-live=\"polite\" aria-atomic=\"true\"><\/p> <ul><\/ul><\/div>\n<form action=\"\/de\/wp-json\/wp\/v2\/pages\/3592#wpcf7-f812-o1\" method=\"post\" class=\"wpcf7-form init cf7_custom_style_2\" aria-label=\"Kontaktformular\" novalidate=\"novalidate\" data-status=\"init\" data-trp-original-action=\"\/de\/wp-json\/wp\/v2\/pages\/3592#wpcf7-f812-o1\">\n<div style=\"display: none;\">\n<input type=\"hidden\" name=\"_wpcf7\" value=\"812\" \/>\n<input type=\"hidden\" name=\"_wpcf7_version\" value=\"5.9.8\" \/>\n<input type=\"hidden\" name=\"_wpcf7_locale\" value=\"en_US\" \/>\n<input type=\"hidden\" name=\"_wpcf7_unit_tag\" value=\"wpcf7-f812-o1\" \/>\n<input type=\"hidden\" name=\"_wpcf7_container_post\" value=\"0\" \/>\n<input type=\"hidden\" name=\"_wpcf7_posted_data_hash\" value=\"\" \/>\n<\/div>\n<div class=\"qodef-cf7-contact\">\n<span class=\"wpcf7-form-control-wrap\" data-name=\"your-name\"><input size=\"40\" maxlength=\"400\" class=\"wpcf7-form-control wpcf7-text wpcf7-validates-as-required\" aria-required=\"true\" aria-invalid=\"false\" placeholder=\"Name\" value=\"\" type=\"text\" name=\"your-name\" \/><\/span>\n<span class=\"wpcf7-form-control-wrap\" data-name=\"your-email\"><input size=\"40\" maxlength=\"400\" class=\"wpcf7-form-control wpcf7-email wpcf7-validates-as-required wpcf7-text wpcf7-validates-as-email\" aria-required=\"true\" aria-invalid=\"false\" placeholder=\"E-Mail\" value=\"\" type=\"email\" name=\"your-email\" \/><\/span>\n<span class=\"wpcf7-form-control-wrap\" data-name=\"your-message\"><textarea cols=\"40\" rows=\"10\" maxlength=\"2000\" class=\"wpcf7-form-control wpcf7-textarea\" aria-invalid=\"false\" name=\"your-message\">Mesaj\u0131n\u0131z<\/textarea><\/span>\n<div class=\"qodef-cf7-contact-btn-holder\">\n<button class=\"wpcf7-form-control wpcf7-submit eltdf-btn eltdf-btn-medium eltdf-btn-outline\" type=\"submit\"><span class=\"eltdf-btn-text\">Schicken<\/span><\/button>\n<\/div>\n<\/div><div class=\"wpcf7-response-output\" aria-hidden=\"true\"><\/div>\n<input type=\"hidden\" name=\"trp-form-language\" value=\"de\"\/><\/form>\n<\/div>\n\t\t<\/div>\n\t\t\t\t<\/div>\n\t\t\t\t\t<\/div>\n\t\t<\/div>\n\t\t\t\t<div class=\"elementor-column elementor-col-50 elementor-top-column elementor-element elementor-element-7ed1f0d\" data-id=\"7ed1f0d\" data-element_type=\"column\">\n\t\t\t<div class=\"elementor-widget-wrap elementor-element-populated\">\n\t\t\t\t\t\t<section class=\"elementor-section elementor-inner-section elementor-element elementor-element-e6fe2bd elementor-section-boxed elementor-section-height-default elementor-section-height-default eltdf-parallax-row-no eltdf-content-aligment-left eltdf-elementor-row-grid-no eltdf-disabled-bg-image-bellow-no\" data-id=\"e6fe2bd\" data-element_type=\"section\">\n\t\t\t\t\t\t<div class=\"elementor-container elementor-column-gap-default\">\n\t\t\t\t\t<div class=\"elementor-column elementor-col-100 elementor-inner-column elementor-element elementor-element-6a65fc7\" data-id=\"6a65fc7\" data-element_type=\"column\">\n\t\t\t<div class=\"elementor-widget-wrap elementor-element-populated\">\n\t\t\t\t\t\t<div class=\"elementor-element elementor-element-3ed85a4 elementor-widget elementor-widget-eltdf_section_title\" data-id=\"3ed85a4\" data-element_type=\"widget\" data-widget_type=\"eltdf_section_title.default\">\n\t\t\t\t<div class=\"elementor-widget-container\">\n\t\t\t<div class=\"eltdf-section-title-holder\" style=\"text-align: center\">\n\t<div class=\"eltdf-st-inner\">\n        \t\t            <div class=\"eltdf-st-title-holder\">\n                                <h5 class=\"eltdf-st-title\" >\n                    Kleopatra-Markt                <\/h5>\n                            <\/div>\n\t\t\t\t\t\t\t<\/div>\n<\/div>\t\t<\/div>\n\t\t\t\t<\/div>\n\t\t\t\t<div class=\"elementor-element elementor-element-b95249e elementor-widget elementor-widget-text-editor\" data-id=\"b95249e\" data-element_type=\"widget\" data-widget_type=\"text-editor.default\">\n\t\t\t\t<div class=\"elementor-widget-container\">\n\t\t\t\t\t\t\t<p style=\"text-align: center;\"><a style=\"line-height: 36px;\" href=\"https:\/\/maps.app.goo.gl\/AsMkTDp6eGJAwURu6\" target=\"_blank\" rel=\"noopener noreferrer\">Anjeliq Down Town Nr. 1<\/a><br \/><a href=\"tel:05335080782\">+90 533 508 07 82<\/a><\/p><p style=\"text-align: center;\"><a href=\"mailto:info@mercadocleopatra.com\">info@mercadocleopatra.com<\/a><\/p>\t\t\t\t\t\t<\/div>\n\t\t\t\t<\/div>\n\t\t\t\t\t<\/div>\n\t\t<\/div>\n\t\t\t\t\t<\/div>\n\t\t<\/section>\n\t\t\t\t\t<\/div>\n\t\t<\/div>\n\t\t\t\t\t<\/div>\n\t\t<\/section>\n\t\t\t\t<\/div>","protected":false},"excerpt":{"rendered":"<p>Schreiben Sie uns Kontakt Senden Sie Ihre Nachricht Mercado Cleopatra Anjeliq Down Town Nr.: 1+90 533 508 07 82 info@mercadocleopatra.com<\/p>","protected":false},"author":1,"featured_media":0,"parent":0,"menu_order":0,"comment_status":"closed","ping_status":"closed","template":"full-width.php","meta":{"footnotes":""},"class_list":["post-3592","page","type-page","status-publish","hentry"],"yoast_head":"<!-- This site is optimized with the Yoast SEO plugin v23.4 - https:\/\/yoast.com\/wordpress\/plugins\/seo\/ -->\n<title>Contact Us - Mercado Cleopatra<\/title>\n<meta name=\"robots\" content=\"index, follow, max-snippet:-1, max-image-preview:large, max-video-preview:-1\" \/>\n<link rel=\"canonical\" href=\"https:\/\/mercadocleopatra.com\/de\/contact-us\/\" \/>\n<meta property=\"og:locale\" content=\"de_DE\" \/>\n<meta property=\"og:type\" content=\"article\" \/>\n<meta property=\"og:title\" content=\"Contact Us - Mercado Cleopatra\" \/>\n<meta property=\"og:description\" content=\"Bize Yaz\u0131n \u0130leti\u015fim Mesaj\u0131n\u0131z G\u00f6nder Mercado Cleopatra Anjeliq Down Town No : 1+90 533 508 07 82 info@mercadocleopatra.com\" \/>\n<meta property=\"og:url\" content=\"https:\/\/mercadocleopatra.com\/de\/contact-us\/\" \/>\n<meta property=\"og:site_name\" content=\"Mercado Cleopatra\" \/>\n<meta property=\"article:modified_time\" content=\"2024-10-20T12:04:59+00:00\" \/>\n<meta property=\"og:image\" content=\"https:\/\/mercadocleopatra.com\/wp-content\/uploads\/2024\/09\/BDM06584.png\" \/>\n<meta name=\"twitter:card\" content=\"summary_large_image\" \/>\n<meta name=\"twitter:label1\" content=\"Gesch\u00e4tzte Lesezeit\" \/>\n\t<meta name=\"twitter:data1\" content=\"1\u00a0Minute\" \/>\n<script type=\"application\/ld+json\" class=\"yoast-schema-graph\">{\"@context\":\"https:\/\/schema.org\",\"@graph\":[{\"@type\":\"WebPage\",\"@id\":\"https:\/\/mercadocleopatra.com\/contact-us\/\",\"url\":\"https:\/\/mercadocleopatra.com\/contact-us\/\",\"name\":\"Contact Us - Mercado Cleopatra\",\"isPartOf\":{\"@id\":\"https:\/\/mercadocleopatra.com\/#website\"},\"primaryImageOfPage\":{\"@id\":\"https:\/\/mercadocleopatra.com\/contact-us\/#primaryimage\"},\"image\":{\"@id\":\"https:\/\/mercadocleopatra.com\/contact-us\/#primaryimage\"},\"thumbnailUrl\":\"https:\/\/mercadocleopatra.com\/wp-content\/uploads\/2024\/09\/BDM06584.png\",\"datePublished\":\"2020-04-28T13:28:26+00:00\",\"dateModified\":\"2024-10-20T12:04:59+00:00\",\"breadcrumb\":{\"@id\":\"https:\/\/mercadocleopatra.com\/contact-us\/#breadcrumb\"},\"inLanguage\":\"de\",\"potentialAction\":[{\"@type\":\"ReadAction\",\"target\":[\"https:\/\/mercadocleopatra.com\/contact-us\/\"]}]},{\"@type\":\"ImageObject\",\"inLanguage\":\"de\",\"@id\":\"https:\/\/mercadocleopatra.com\/contact-us\/#primaryimage\",\"url\":\"https:\/\/mercadocleopatra.com\/wp-content\/uploads\/2024\/09\/BDM06584.png\",\"contentUrl\":\"https:\/\/mercadocleopatra.com\/wp-content\/uploads\/2024\/09\/BDM06584.png\"},{\"@type\":\"BreadcrumbList\",\"@id\":\"https:\/\/mercadocleopatra.com\/contact-us\/#breadcrumb\",\"itemListElement\":[{\"@type\":\"ListItem\",\"position\":1,\"name\":\"Anasayfa\",\"item\":\"https:\/\/mercadocleopatra.com\/\"},{\"@type\":\"ListItem\",\"position\":2,\"name\":\"Contact Us\"}]},{\"@type\":\"WebSite\",\"@id\":\"https:\/\/mercadocleopatra.com\/#website\",\"url\":\"https:\/\/mercadocleopatra.com\/\",\"name\":\"Mercado Cleopatra\",\"description\":\"Mercado Cleopatra\",\"potentialAction\":[{\"@type\":\"SearchAction\",\"target\":{\"@type\":\"EntryPoint\",\"urlTemplate\":\"https:\/\/mercadocleopatra.com\/?s={search_term_string}\"},\"query-input\":{\"@type\":\"PropertyValueSpecification\",\"valueRequired\":true,\"valueName\":\"search_term_string\"}}],\"inLanguage\":\"de\"}]}<\/script>\n<!-- \/ Yoast SEO plugin. -->","yoast_head_json":{"title":"Contact Us - Mercado Cleopatra","robots":{"index":"index","follow":"follow","max-snippet":"max-snippet:-1","max-image-preview":"max-image-preview:large","max-video-preview":"max-video-preview:-1"},"canonical":"https:\/\/mercadocleopatra.com\/de\/contact-us\/","og_locale":"de_DE","og_type":"article","og_title":"Contact Us - Mercado Cleopatra","og_description":"Bize Yaz\u0131n \u0130leti\u015fim Mesaj\u0131n\u0131z G\u00f6nder Mercado Cleopatra Anjeliq Down Town No : 1+90 533 508 07 82 info@mercadocleopatra.com","og_url":"https:\/\/mercadocleopatra.com\/de\/contact-us\/","og_site_name":"Mercado Cleopatra","article_modified_time":"2024-10-20T12:04:59+00:00","og_image":[{"url":"https:\/\/mercadocleopatra.com\/wp-content\/uploads\/2024\/09\/BDM06584.png"}],"twitter_card":"summary_large_image","twitter_misc":{"Gesch\u00e4tzte Lesezeit":"1\u00a0Minute"},"schema":{"@context":"https:\/\/schema.org","@graph":[{"@type":"WebPage","@id":"https:\/\/mercadocleopatra.com\/contact-us\/","url":"https:\/\/mercadocleopatra.com\/contact-us\/","name":"Contact Us - Mercado Cleopatra","isPartOf":{"@id":"https:\/\/mercadocleopatra.com\/#website"},"primaryImageOfPage":{"@id":"https:\/\/mercadocleopatra.com\/contact-us\/#primaryimage"},"image":{"@id":"https:\/\/mercadocleopatra.com\/contact-us\/#primaryimage"},"thumbnailUrl":"https:\/\/mercadocleopatra.com\/wp-content\/uploads\/2024\/09\/BDM06584.png","datePublished":"2020-04-28T13:28:26+00:00","dateModified":"2024-10-20T12:04:59+00:00","breadcrumb":{"@id":"https:\/\/mercadocleopatra.com\/contact-us\/#breadcrumb"},"inLanguage":"de","potentialAction":[{"@type":"ReadAction","target":["https:\/\/mercadocleopatra.com\/contact-us\/"]}]},{"@type":"ImageObject","inLanguage":"de","@id":"https:\/\/mercadocleopatra.com\/contact-us\/#primaryimage","url":"https:\/\/mercadocleopatra.com\/wp-content\/uploads\/2024\/09\/BDM06584.png","contentUrl":"https:\/\/mercadocleopatra.com\/wp-content\/uploads\/2024\/09\/BDM06584.png"},{"@type":"BreadcrumbList","@id":"https:\/\/mercadocleopatra.com\/contact-us\/#breadcrumb","itemListElement":[{"@type":"ListItem","position":1,"name":"Anasayfa","item":"https:\/\/mercadocleopatra.com\/"},{"@type":"ListItem","position":2,"name":"Contact Us"}]},{"@type":"WebSite","@id":"https:\/\/mercadocleopatra.com\/#website","url":"https:\/\/mercadocleopatra.com\/","name":"Mercado Cleopatra","description":"Mercado Cleopatra","potentialAction":[{"@type":"SearchAction","target":{"@type":"EntryPoint","urlTemplate":"https:\/\/mercadocleopatra.com\/?s={search_term_string}"},"query-input":{"@type":"PropertyValueSpecification","valueRequired":true,"valueName":"search_term_string"}}],"inLanguage":"de"}]}},"_links":{"self":[{"href":"https:\/\/mercadocleopatra.com\/de\/wp-json\/wp\/v2\/pages\/3592","targetHints":{"allow":["GET"]}}],"collection":[{"href":"https:\/\/mercadocleopatra.com\/de\/wp-json\/wp\/v2\/pages"}],"about":[{"href":"https:\/\/mercadocleopatra.com\/de\/wp-json\/wp\/v2\/types\/page"}],"author":[{"embeddable":true,"href":"https:\/\/mercadocleopatra.com\/de\/wp-json\/wp\/v2\/users\/1"}],"replies":[{"embeddable":true,"href":"https:\/\/mercadocleopatra.com\/de\/wp-json\/wp\/v2\/comments?post=3592"}],"version-history":[{"count":9,"href":"https:\/\/mercadocleopatra.com\/de\/wp-json\/wp\/v2\/pages\/3592\/revisions"}],"predecessor-version":[{"id":4689,"href":"https:\/\/mercadocleopatra.com\/de\/wp-json\/wp\/v2\/pages\/3592\/revisions\/4689"}],"wp:attachment":[{"href":"https:\/\/mercadocleopatra.com\/de\/wp-json\/wp\/v2\/media?parent=3592"}],"curies":[{"name":"wp","href":"https:\/\/api.w.org\/{rel}","templated":true}]}}